{"id":252,"date":"2021-08-18T05:35:45","date_gmt":"2021-08-18T05:35:45","guid":{"rendered":"http:\/\/vesvu.cz\/index.php\/about\/"},"modified":"2022-04-25T20:22:20","modified_gmt":"2022-04-25T18:22:20","slug":"about","status":"publish","type":"page","link":"https:\/\/vesvu.cz\/?page_id=252","title":{"rendered":"About"},"content":{"rendered":"\t\t<div data-elementor-type=\"wp-page\" data-elementor-id=\"252\" class=\"elementor elementor-252\">\n\t\t\t\t\t\t<section class=\"elementor-section elementor-top-section elementor-element elementor-element-95eebdf elementor-section-boxed elementor-section-height-default elementor-section-height-default\" data-id=\"95eebdf\" data-element_type=\"section\" data-e-type=\"section\" data-settings=\"{&quot;background_background&quot;:&quot;classic&quot;}\">\n\t\t\t\t\t\t<div class=\"elementor-container elementor-column-gap-no\">\n\t\t\t\t\t<div class=\"elementor-column elementor-col-100 elementor-top-column elementor-element elementor-element-3700ce5\" data-id=\"3700ce5\" data-element_type=\"column\" data-e-type=\"column\">\n\t\t\t<div class=\"elementor-widget-wrap elementor-element-populated\">\n\t\t\t\t\t\t<section class=\"elementor-section elementor-inner-section elementor-element elementor-element-ebc51e3 elementor-section-boxed elementor-section-height-default elementor-section-height-default\" data-id=\"ebc51e3\" data-element_type=\"section\" data-e-type=\"section\">\n\t\t\t\t\t\t<div class=\"elementor-container elementor-column-gap-no\">\n\t\t\t\t\t<div class=\"elementor-column elementor-col-33 elementor-inner-column elementor-element elementor-element-caa43ea\" data-id=\"caa43ea\" data-element_type=\"column\" data-e-type=\"column\">\n\t\t\t<div class=\"elementor-widget-wrap elementor-element-populated\">\n\t\t\t\t\t\t<div class=\"elementor-element elementor-element-4e4a19d elementor-widget elementor-widget-heading\" data-id=\"4e4a19d\" data-element_type=\"widget\" data-e-type=\"widget\" data-widget_type=\"heading.default\">\n\t\t\t\t<div class=\"elementor-widget-container\">\n\t\t\t\t\t<h1 class=\"elementor-heading-title elementor-size-default\">O n\u00e1s<\/h1>\t\t\t\t<\/div>\n\t\t\t\t<\/div>\n\t\t\t\t\t<\/div>\n\t\t<\/div>\n\t\t\t\t<div class=\"elementor-column elementor-col-66 elementor-inner-column elementor-element elementor-element-fc22abd\" data-id=\"fc22abd\" data-element_type=\"column\" data-e-type=\"column\">\n\t\t\t<div class=\"elementor-widget-wrap elementor-element-populated\">\n\t\t\t\t\t\t<div class=\"elementor-element elementor-element-da46fbf elementor-widget elementor-widget-heading\" data-id=\"da46fbf\" data-element_type=\"widget\" data-e-type=\"widget\" data-widget_type=\"heading.default\">\n\t\t\t\t<div class=\"elementor-widget-container\">\n\t\t\t\t\t<h3 class=\"elementor-heading-title elementor-size-default\">We provide fresh and healthy plants for your <\/h3>\t\t\t\t<\/div>\n\t\t\t\t<\/div>\n\t\t\t\t<div class=\"elementor-element elementor-element-41fbad1 elementor-widget elementor-widget-text-editor\" data-id=\"41fbad1\" data-element_type=\"widget\" data-e-type=\"widget\" data-widget_type=\"text-editor.default\">\n\t\t\t\t<div class=\"elementor-widget-container\">\n\t\t\t\t\t\t\t\t\t<p>Tincidunt ut pellentesque arcu molestie dolor, nunc feugiat sit mauris semper platea urna, sapien fermentum venenatis etiam enim ullamcorper phasellus tortor justo sapien faucibus in adipiscing risus adipiscing bibendum nec eget tincidunt sed.<\/p>\t\t\t\t\t\t\t\t<\/div>\n\t\t\t\t<\/div>\n\t\t\t\t\t<\/div>\n\t\t<\/div>\n\t\t\t\t\t<\/div>\n\t\t<\/section>\n\t\t\t\t<section class=\"elementor-section elementor-inner-section elementor-element elementor-element-55b0cc5 elementor-section-boxed elementor-section-height-default elementor-section-height-default\" data-id=\"55b0cc5\" data-element_type=\"section\" data-e-type=\"section\">\n\t\t\t\t\t\t<div class=\"elementor-container elementor-column-gap-no\">\n\t\t\t\t\t<div class=\"elementor-column elementor-col-33 elementor-inner-column elementor-element elementor-element-e7a22fd\" data-id=\"e7a22fd\" data-element_type=\"column\" data-e-type=\"column\">\n\t\t\t<div class=\"elementor-widget-wrap elementor-element-populated\">\n\t\t\t\t\t\t<div class=\"elementor-element elementor-element-843a15a elementor-widget elementor-widget-heading\" data-id=\"843a15a\" data-element_type=\"widget\" data-e-type=\"widget\" data-widget_type=\"heading.default\">\n\t\t\t\t<div class=\"elementor-widget-container\">\n\t\t\t\t\t<h6 class=\"elementor-heading-title elementor-size-default\">NA\u0160E STORY<\/h6>\t\t\t\t<\/div>\n\t\t\t\t<\/div>\n\t\t\t\t\t<\/div>\n\t\t<\/div>\n\t\t\t\t<div class=\"elementor-column elementor-col-66 elementor-inner-column elementor-element elementor-element-c1e118e\" data-id=\"c1e118e\" data-element_type=\"column\" data-e-type=\"column\">\n\t\t\t<div class=\"elementor-widget-wrap elementor-element-populated\">\n\t\t\t\t\t\t<div class=\"elementor-element elementor-element-e9d29a2 elementor-widget elementor-widget-image\" data-id=\"e9d29a2\" data-element_type=\"widget\" data-e-type=\"widget\" data-widget_type=\"image.default\">\n\t\t\t\t<div class=\"elementor-widget-container\">\n\t\t\t\t\t\t\t\t\t\t\t\t\t\t\t<img fetchpriority=\"high\" decoding=\"async\" width=\"500\" height=\"312\" src=\"https:\/\/vesvu.cz\/wp-content\/uploads\/2022\/03\/svadlenky.jpg\" class=\"attachment-full size-full wp-image-1042\" alt=\"\" srcset=\"https:\/\/vesvu.cz\/wp-content\/uploads\/2022\/03\/svadlenky.jpg 500w, https:\/\/vesvu.cz\/wp-content\/uploads\/2022\/03\/svadlenky-300x187.jpg 300w\" sizes=\"(max-width: 500px) 100vw, 500px\" \/>\t\t\t\t\t\t\t\t\t\t\t\t\t\t\t<\/div>\n\t\t\t\t<\/div>\n\t\t\t\t<div class=\"elementor-element elementor-element-6678304 elementor-widget elementor-widget-text-editor\" data-id=\"6678304\" data-element_type=\"widget\" data-e-type=\"widget\" data-widget_type=\"text-editor.default\">\n\t\t\t\t<div class=\"elementor-widget-container\">\n\t\t\t\t\t\t\t\t\t<p>Tristique dapibus porta viverra sit accumsan integer semper dolor etiam id iaculis feugiat egestas urna est magna euismod donec facilisis sed integer orci ac.<\/p>\t\t\t\t\t\t\t\t<\/div>\n\t\t\t\t<\/div>\n\t\t\t\t<div class=\"elementor-element elementor-element-600e890 elementor-widget elementor-widget-text-editor\" data-id=\"600e890\" data-element_type=\"widget\" data-e-type=\"widget\" data-widget_type=\"text-editor.default\">\n\t\t\t\t<div class=\"elementor-widget-container\">\n\t\t\t\t\t\t\t\t\t<p>Mi et tincidunt ut pellentesque arcu molestie dolor, nunc feugiat sit mauris semper platea urna, sapien fermentum venenatis etiam enim ullamcorper phasellus tortor justo, et, pellentesque pellentesque sapien faucibus in adipiscing risus adipiscing bibendum in nec eget tincidunt in in sed magna arcu molestie nec mauris quisque.<\/p><p>Feugiat lacus sagittis, mauris, lobortis velit ullamcorper vitae in volutpat faucibus elementum, sodales orci mi fames molestie venenatis nunc hendrerit.<\/p>\t\t\t\t\t\t\t\t<\/div>\n\t\t\t\t<\/div>\n\t\t\t\t<div class=\"elementor-element elementor-element-b442604 elementor-view-default elementor-widget elementor-widget-icon\" data-id=\"b442604\" data-element_type=\"widget\" data-e-type=\"widget\" data-widget_type=\"icon.default\">\n\t\t\t\t<div class=\"elementor-widget-container\">\n\t\t\t\t\t\t\t<div class=\"elementor-icon-wrapper\">\n\t\t\t<div class=\"elementor-icon\">\n\t\t\t<i aria-hidden=\"true\" class=\"fas fa-quote-left\"><\/i>\t\t\t<\/div>\n\t\t<\/div>\n\t\t\t\t\t\t<\/div>\n\t\t\t\t<\/div>\n\t\t\t\t<div class=\"elementor-element elementor-element-74ac355 elementor-widget elementor-widget-testimonial\" data-id=\"74ac355\" data-element_type=\"widget\" data-e-type=\"widget\" data-widget_type=\"testimonial.default\">\n\t\t\t\t<div class=\"elementor-widget-container\">\n\t\t\t\t\t\t\t<div class=\"elementor-testimonial-wrapper\">\n\t\t\t\t\t\t\t<div class=\"elementor-testimonial-content\">Massa aliquam montes, odio porttitor sit ac maecenas interdum ut tincidunt nisl erat quam eu natoque in nisl, lobortis sapien in nec ullamcorper vel.<\/div>\n\t\t\t\n\t\t\t\t\t\t<div class=\"elementor-testimonial-meta elementor-has-image elementor-testimonial-image-position-aside\">\n\t\t\t\t<div class=\"elementor-testimonial-meta-inner\">\n\t\t\t\t\t\t\t\t\t\t\t<div class=\"elementor-testimonial-image\">\n\t\t\t\t\t\t\t<img decoding=\"async\" width=\"40\" height=\"40\" src=\"https:\/\/vesvu.cz\/wp-content\/uploads\/2021\/08\/plants-store-owner-avatar-img.jpg\" class=\"attachment-full size-full wp-image-276\" alt=\"\" \/>\t\t\t\t\t\t<\/div>\n\t\t\t\t\t\n\t\t\t\t\t\t\t\t\t\t<div class=\"elementor-testimonial-details\">\n\t\t\t\t\t\t\t\t\t\t\t\t\t\t<div class=\"elementor-testimonial-name\">Emily Evergreen<\/div>\n\t\t\t\t\t\t\t\t\t\t\t\t\t\t\t\t\t\t\t\t\t\t<div class=\"elementor-testimonial-job\">Founder, Owner<\/div>\n\t\t\t\t\t\t\t\t\t\t\t\t\t<\/div>\n\t\t\t\t\t\t\t\t\t<\/div>\n\t\t\t<\/div>\n\t\t\t\t\t<\/div>\n\t\t\t\t\t\t<\/div>\n\t\t\t\t<\/div>\n\t\t\t\t\t<\/div>\n\t\t<\/div>\n\t\t\t\t\t<\/div>\n\t\t<\/section>\n\t\t\t\t\t<\/div>\n\t\t<\/div>\n\t\t\t\t\t<\/div>\n\t\t<\/section>\n\t\t\t\t<\/div>\n\t\t","protected":false},"excerpt":{"rendered":"<p>O n\u00e1s We provide fresh and healthy plants for your Tincidunt ut pellentesque arcu molestie dolor, nunc feugiat sit mauris semper platea urna, sapien fermentum venenatis etiam enim ullamcorper phasellus tortor justo sapien faucibus in adipiscing risus adipiscing bibendum nec eget tincidunt sed. NA\u0160E STORY Tristique dapibus porta viverra sit accumsan integer semper dolor etiam [&hellip;]<\/p>\n","protected":false},"author":1,"featured_media":0,"parent":0,"menu_order":0,"comment_status":"closed","ping_status":"open","template":"","meta":{"site-sidebar-layout":"no-sidebar","site-content-layout":"page-builder","ast-site-content-layout":"default","site-content-style":"default","site-sidebar-style":"default","ast-global-header-display":"","ast-banner-title-visibility":"","ast-main-header-display":"","ast-hfb-above-header-display":"","ast-hfb-below-header-display":"","ast-hfb-mobile-header-display":"","site-post-title":"disabled","ast-breadcrumbs-content":"disabled","ast-featured-img":"disabled","footer-sml-layout":"","ast-disable-related-posts":"","theme-transparent-header-meta":"default","adv-header-id-meta":"","stick-header-meta":"","header-above-stick-meta":"","header-main-stick-meta":"","header-below-stick-meta":"","astra-migrate-meta-layouts":"default","ast-page-background-enabled":"default","ast-page-background-meta":{"desktop":{"background-color":"var(--ast-global-color-4)","background-image":"","background-repeat":"repeat","background-position":"center center","background-size":"auto","background-attachment":"scroll","background-type":"","background-media":"","overlay-type":"","overlay-color":"","overlay-opacity":"","overlay-gradient":""},"tablet":{"background-color":"","background-image":"","background-repeat":"repeat","background-position":"center center","background-size":"auto","background-attachment":"scroll","background-type":"","background-media":"","overlay-type":"","overlay-color":"","overlay-opacity":"","overlay-gradient":""},"mobile":{"background-color":"","background-image":"","background-repeat":"repeat","background-position":"center center","background-size":"auto","background-attachment":"scroll","background-type":"","background-media":"","overlay-type":"","overlay-color":"","overlay-opacity":"","overlay-gradient":""}},"ast-content-background-meta":{"desktop":{"background-color":"var(--ast-global-color-5)","background-image":"","background-repeat":"repeat","background-position":"center center","background-size":"auto","background-attachment":"scroll","background-type":"","background-media":"","overlay-type":"","overlay-color":"","overlay-opacity":"","overlay-gradient":""},"tablet":{"background-color":"var(--ast-global-color-5)","background-image":"","background-repeat":"repeat","background-position":"center center","background-size":"auto","background-attachment":"scroll","background-type":"","background-media":"","overlay-type":"","overlay-color":"","overlay-opacity":"","overlay-gradient":""},"mobile":{"background-color":"var(--ast-global-color-5)","background-image":"","background-repeat":"repeat","background-position":"center center","background-size":"auto","background-attachment":"scroll","background-type":"","background-media":"","overlay-type":"","overlay-color":"","overlay-opacity":"","overlay-gradient":""}},"footnotes":""},"class_list":["post-252","page","type-page","status-publish","hentry"],"yoast_head":"<!-- This site is optimized with the Yoast SEO plugin v26.9 - https:\/\/yoast.com\/product\/yoast-seo-wordpress\/ -->\n<title>About - VESVU<\/title>\n<meta name=\"robots\" content=\"index, follow, max-snippet:-1, max-image-preview:large, max-video-preview:-1\" \/>\n<link rel=\"canonical\" href=\"https:\/\/vesvu.cz\/?page_id=252\" \/>\n<meta property=\"og:locale\" content=\"cs_CZ\" \/>\n<meta property=\"og:type\" content=\"article\" \/>\n<meta property=\"og:title\" content=\"About - VESVU\" \/>\n<meta property=\"og:description\" content=\"O n\u00e1s We provide fresh and healthy plants for your Tincidunt ut pellentesque arcu molestie dolor, nunc feugiat sit mauris semper platea urna, sapien fermentum venenatis etiam enim ullamcorper phasellus tortor justo sapien faucibus in adipiscing risus adipiscing bibendum nec eget tincidunt sed. NA\u0160E STORY Tristique dapibus porta viverra sit accumsan integer semper dolor etiam [&hellip;]\" \/>\n<meta property=\"og:url\" content=\"https:\/\/vesvu.cz\/?page_id=252\" \/>\n<meta property=\"og:site_name\" content=\"VESVU\" \/>\n<meta property=\"article:modified_time\" content=\"2022-04-25T18:22:20+00:00\" \/>\n<meta property=\"og:image\" content=\"https:\/\/vesvu.cz\/wp-content\/uploads\/2022\/03\/svadlenky.jpg\" \/>\n\t<meta property=\"og:image:width\" content=\"500\" \/>\n\t<meta property=\"og:image:height\" content=\"312\" \/>\n\t<meta property=\"og:image:type\" content=\"image\/jpeg\" \/>\n<meta name=\"twitter:card\" content=\"summary_large_image\" \/>\n<meta name=\"twitter:label1\" content=\"Odhadovan\u00e1 doba \u010dten\u00ed\" \/>\n\t<meta name=\"twitter:data1\" content=\"3 minuty\" \/>\n<script type=\"application\/ld+json\" class=\"yoast-schema-graph\">{\"@context\":\"https:\/\/schema.org\",\"@graph\":[{\"@type\":\"WebPage\",\"@id\":\"https:\/\/vesvu.cz\/?page_id=252\",\"url\":\"https:\/\/vesvu.cz\/?page_id=252\",\"name\":\"About - VESVU\",\"isPartOf\":{\"@id\":\"https:\/\/vesvu.cz\/#website\"},\"primaryImageOfPage\":{\"@id\":\"https:\/\/vesvu.cz\/?page_id=252#primaryimage\"},\"image\":{\"@id\":\"https:\/\/vesvu.cz\/?page_id=252#primaryimage\"},\"thumbnailUrl\":\"https:\/\/vesvu.cz\/wp-content\/uploads\/2022\/03\/svadlenky.jpg\",\"datePublished\":\"2021-08-18T05:35:45+00:00\",\"dateModified\":\"2022-04-25T18:22:20+00:00\",\"breadcrumb\":{\"@id\":\"https:\/\/vesvu.cz\/?page_id=252#breadcrumb\"},\"inLanguage\":\"cs\",\"potentialAction\":[{\"@type\":\"ReadAction\",\"target\":[\"https:\/\/vesvu.cz\/?page_id=252\"]}]},{\"@type\":\"ImageObject\",\"inLanguage\":\"cs\",\"@id\":\"https:\/\/vesvu.cz\/?page_id=252#primaryimage\",\"url\":\"https:\/\/vesvu.cz\/wp-content\/uploads\/2022\/03\/svadlenky.jpg\",\"contentUrl\":\"https:\/\/vesvu.cz\/wp-content\/uploads\/2022\/03\/svadlenky.jpg\",\"width\":500,\"height\":312},{\"@type\":\"BreadcrumbList\",\"@id\":\"https:\/\/vesvu.cz\/?page_id=252#breadcrumb\",\"itemListElement\":[{\"@type\":\"ListItem\",\"position\":1,\"name\":\"Dom\u016f\",\"item\":\"https:\/\/vesvu.cz\/\"},{\"@type\":\"ListItem\",\"position\":2,\"name\":\"About\"}]},{\"@type\":\"WebSite\",\"@id\":\"https:\/\/vesvu.cz\/#website\",\"url\":\"https:\/\/vesvu.cz\/\",\"name\":\"VESVU\",\"description\":\"Dal\u0161\u00ed web pou\u017e\u00edvaj\u00edc\u00ed WordPress\",\"publisher\":{\"@id\":\"https:\/\/vesvu.cz\/#organization\"},\"potentialAction\":[{\"@type\":\"SearchAction\",\"target\":{\"@type\":\"EntryPoint\",\"urlTemplate\":\"https:\/\/vesvu.cz\/?s={search_term_string}\"},\"query-input\":{\"@type\":\"PropertyValueSpecification\",\"valueRequired\":true,\"valueName\":\"search_term_string\"}}],\"inLanguage\":\"cs\"},{\"@type\":\"Organization\",\"@id\":\"https:\/\/vesvu.cz\/#organization\",\"name\":\"VESVU\",\"url\":\"https:\/\/vesvu.cz\/\",\"logo\":{\"@type\":\"ImageObject\",\"inLanguage\":\"cs\",\"@id\":\"https:\/\/vesvu.cz\/#\/schema\/logo\/image\/\",\"url\":\"https:\/\/vesvu.cz\/wp-content\/uploads\/2022\/03\/vesvu-logo-cerne.png\",\"contentUrl\":\"https:\/\/vesvu.cz\/wp-content\/uploads\/2022\/03\/vesvu-logo-cerne.png\",\"width\":2274,\"height\":1758,\"caption\":\"VESVU\"},\"image\":{\"@id\":\"https:\/\/vesvu.cz\/#\/schema\/logo\/image\/\"}}]}<\/script>\n<!-- \/ Yoast SEO plugin. -->","yoast_head_json":{"title":"About - VESVU","robots":{"index":"index","follow":"follow","max-snippet":"max-snippet:-1","max-image-preview":"max-image-preview:large","max-video-preview":"max-video-preview:-1"},"canonical":"https:\/\/vesvu.cz\/?page_id=252","og_locale":"cs_CZ","og_type":"article","og_title":"About - VESVU","og_description":"O n\u00e1s We provide fresh and healthy plants for your Tincidunt ut pellentesque arcu molestie dolor, nunc feugiat sit mauris semper platea urna, sapien fermentum venenatis etiam enim ullamcorper phasellus tortor justo sapien faucibus in adipiscing risus adipiscing bibendum nec eget tincidunt sed. NA\u0160E STORY Tristique dapibus porta viverra sit accumsan integer semper dolor etiam [&hellip;]","og_url":"https:\/\/vesvu.cz\/?page_id=252","og_site_name":"VESVU","article_modified_time":"2022-04-25T18:22:20+00:00","og_image":[{"width":500,"height":312,"url":"https:\/\/vesvu.cz\/wp-content\/uploads\/2022\/03\/svadlenky.jpg","type":"image\/jpeg"}],"twitter_card":"summary_large_image","twitter_misc":{"Odhadovan\u00e1 doba \u010dten\u00ed":"3 minuty"},"schema":{"@context":"https:\/\/schema.org","@graph":[{"@type":"WebPage","@id":"https:\/\/vesvu.cz\/?page_id=252","url":"https:\/\/vesvu.cz\/?page_id=252","name":"About - VESVU","isPartOf":{"@id":"https:\/\/vesvu.cz\/#website"},"primaryImageOfPage":{"@id":"https:\/\/vesvu.cz\/?page_id=252#primaryimage"},"image":{"@id":"https:\/\/vesvu.cz\/?page_id=252#primaryimage"},"thumbnailUrl":"https:\/\/vesvu.cz\/wp-content\/uploads\/2022\/03\/svadlenky.jpg","datePublished":"2021-08-18T05:35:45+00:00","dateModified":"2022-04-25T18:22:20+00:00","breadcrumb":{"@id":"https:\/\/vesvu.cz\/?page_id=252#breadcrumb"},"inLanguage":"cs","potentialAction":[{"@type":"ReadAction","target":["https:\/\/vesvu.cz\/?page_id=252"]}]},{"@type":"ImageObject","inLanguage":"cs","@id":"https:\/\/vesvu.cz\/?page_id=252#primaryimage","url":"https:\/\/vesvu.cz\/wp-content\/uploads\/2022\/03\/svadlenky.jpg","contentUrl":"https:\/\/vesvu.cz\/wp-content\/uploads\/2022\/03\/svadlenky.jpg","width":500,"height":312},{"@type":"BreadcrumbList","@id":"https:\/\/vesvu.cz\/?page_id=252#breadcrumb","itemListElement":[{"@type":"ListItem","position":1,"name":"Dom\u016f","item":"https:\/\/vesvu.cz\/"},{"@type":"ListItem","position":2,"name":"About"}]},{"@type":"WebSite","@id":"https:\/\/vesvu.cz\/#website","url":"https:\/\/vesvu.cz\/","name":"VESVU","description":"Dal\u0161\u00ed web pou\u017e\u00edvaj\u00edc\u00ed WordPress","publisher":{"@id":"https:\/\/vesvu.cz\/#organization"},"potentialAction":[{"@type":"SearchAction","target":{"@type":"EntryPoint","urlTemplate":"https:\/\/vesvu.cz\/?s={search_term_string}"},"query-input":{"@type":"PropertyValueSpecification","valueRequired":true,"valueName":"search_term_string"}}],"inLanguage":"cs"},{"@type":"Organization","@id":"https:\/\/vesvu.cz\/#organization","name":"VESVU","url":"https:\/\/vesvu.cz\/","logo":{"@type":"ImageObject","inLanguage":"cs","@id":"https:\/\/vesvu.cz\/#\/schema\/logo\/image\/","url":"https:\/\/vesvu.cz\/wp-content\/uploads\/2022\/03\/vesvu-logo-cerne.png","contentUrl":"https:\/\/vesvu.cz\/wp-content\/uploads\/2022\/03\/vesvu-logo-cerne.png","width":2274,"height":1758,"caption":"VESVU"},"image":{"@id":"https:\/\/vesvu.cz\/#\/schema\/logo\/image\/"}}]}},"_links":{"self":[{"href":"https:\/\/vesvu.cz\/index.php?rest_route=\/wp\/v2\/pages\/252","targetHints":{"allow":["GET"]}}],"collection":[{"href":"https:\/\/vesvu.cz\/index.php?rest_route=\/wp\/v2\/pages"}],"about":[{"href":"https:\/\/vesvu.cz\/index.php?rest_route=\/wp\/v2\/types\/page"}],"author":[{"embeddable":true,"href":"https:\/\/vesvu.cz\/index.php?rest_route=\/wp\/v2\/users\/1"}],"replies":[{"embeddable":true,"href":"https:\/\/vesvu.cz\/index.php?rest_route=%2Fwp%2Fv2%2Fcomments&post=252"}],"version-history":[{"count":25,"href":"https:\/\/vesvu.cz\/index.php?rest_route=\/wp\/v2\/pages\/252\/revisions"}],"predecessor-version":[{"id":1124,"href":"https:\/\/vesvu.cz\/index.php?rest_route=\/wp\/v2\/pages\/252\/revisions\/1124"}],"wp:attachment":[{"href":"https:\/\/vesvu.cz\/index.php?rest_route=%2Fwp%2Fv2%2Fmedia&parent=252"}],"curies":[{"name":"wp","href":"https:\/\/api.w.org\/{rel}","templated":true}]}}